{"id":46,"date":"2026-03-15T21:53:00","date_gmt":"2026-03-15T21:53:00","guid":{"rendered":"https:\/\/aselcelik.com\/?page_id=46"},"modified":"2026-03-16T11:46:44","modified_gmt":"2026-03-16T11:46:44","slug":"projeler","status":"publish","type":"page","link":"https:\/\/aselcelik.com\/index.php\/projeler\/","title":{"rendered":"Projeler"},"content":{"rendered":"\t\t<div data-elementor-type=\"wp-page\" data-elementor-id=\"46\" class=\"elementor elementor-46\" data-elementor-post-type=\"page\">\n\t\t\t\t<div class=\"elementor-element elementor-element-dd2c876 e-flex e-con-boxed e-con e-parent\" data-id=\"dd2c876\" data-element_type=\"container\" data-e-type=\"container\">\n\t\t\t\t\t<div class=\"e-con-inner\">\n\t\t\t\t<div class=\"elementor-element elementor-element-6027bb5 elementor-widget elementor-widget-ac_projeler\" data-id=\"6027bb5\" data-element_type=\"widget\" data-e-type=\"widget\" data-widget_type=\"ac_projeler.default\">\n\t\t\t\t<div class=\"elementor-widget-container\">\n\t\t\t\t\t        <section class=\"ac-section ac-proj-wrap\" style=\"background:var(--bg2)\">\n          <div class=\"ac-wrap\">\n            <div class=\"ac-proj-head\">\n              <div>\n                <span class=\"ac-label\">Referans Projeler<\/span>\n                <h2 class=\"ac-h2\" style=\"margin-bottom:0\">Tamamlanan <em>Projeler<\/em><\/h2>\n              <\/div>\n              <div class=\"ac-proj-filters\">\n                <button class=\"ac-proj-filter active\">T\u00fcm\u00fc<\/button>\n                <button class=\"ac-proj-filter\">Sanayi<\/button>\n                <button class=\"ac-proj-filter\">Yap\u0131<\/button>\n                <button class=\"ac-proj-filter\">\u00c7at\u0131<\/button>\n                <button class=\"ac-proj-filter\">Platform<\/button>\n              <\/div>\n            <\/div>\n            <div class=\"ac-proj-grid\">\n                            <div class=\"ac-proj-card\">\n                <div class=\"ac-proj-img\">\n                  <div class=\"ac-proj-ph\"><span>\ud83c\udfd7<\/span><div>Sanayi &amp; Fabrika<\/div><\/div>                  <div class=\"ac-proj-overlay\">Projeyi \u0130ncele \u2192<\/div>\n                <\/div>\n                <div class=\"ac-proj-info\">\n                  <div class=\"ac-proj-tag\">Sanayi &amp; Fabrika \u2022 2024<\/div>\n                  <div class=\"ac-proj-title\">Adana OSB Fabrika Binas\u0131 \u2014 3.500 m\u00b2<\/div>\n                  <div class=\"ac-proj-meta\">\n                    <span class=\"ac-proj-cap\">3.500 m\u00b2<\/span>\n                    <span>Anahtar Teslim EPC<\/span>\n                  <\/div>\n                <\/div>\n              <\/div>\n                            <div class=\"ac-proj-card\">\n                <div class=\"ac-proj-img\">\n                  <div class=\"ac-proj-ph\"><span>\ud83c\udfe2<\/span><div>\u00c7elik Yap\u0131<\/div><\/div>                  <div class=\"ac-proj-overlay\">Projeyi \u0130ncele \u2192<\/div>\n                <\/div>\n                <div class=\"ac-proj-info\">\n                  <div class=\"ac-proj-tag\">\u00c7elik Yap\u0131 \u2022 2024<\/div>\n                  <div class=\"ac-proj-title\">\u0130zmir Lojistik Merkezi \u2014 6.000 m\u00b2<\/div>\n                  <div class=\"ac-proj-meta\">\n                    <span class=\"ac-proj-cap\">6.000 m\u00b2<\/span>\n                    <span>\u00c7elik \u00c7er\u00e7eve + Cephe<\/span>\n                  <\/div>\n                <\/div>\n              <\/div>\n                            <div class=\"ac-proj-card\">\n                <div class=\"ac-proj-img\">\n                  <div class=\"ac-proj-ph\"><span>\ud83d\udd29<\/span><div>\u00c7at\u0131<\/div><\/div>                  <div class=\"ac-proj-overlay\">Projeyi \u0130ncele \u2192<\/div>\n                <\/div>\n                <div class=\"ac-proj-info\">\n                  <div class=\"ac-proj-tag\">\u00c7at\u0131 \u2022 2025<\/div>\n                  <div class=\"ac-proj-title\">Mersin \u00c7elik \u00c7at\u0131 Projesi \u2014 8.200 m\u00b2<\/div>\n                  <div class=\"ac-proj-meta\">\n                    <span class=\"ac-proj-cap\">8.200 m\u00b2<\/span>\n                    <span>Kafes Kiri\u015f + Panel<\/span>\n                  <\/div>\n                <\/div>\n              <\/div>\n                            <div class=\"ac-proj-card\">\n                <div class=\"ac-proj-img\">\n                  <div class=\"ac-proj-ph\"><span>\ud83d\udd27<\/span><div>Platform<\/div><\/div>                  <div class=\"ac-proj-overlay\">Projeyi \u0130ncele \u2192<\/div>\n                <\/div>\n                <div class=\"ac-proj-info\">\n                  <div class=\"ac-proj-tag\">Platform \u2022 2025<\/div>\n                  <div class=\"ac-proj-title\">Gaziantep Refinery Platform<\/div>\n                  <div class=\"ac-proj-meta\">\n                    <span class=\"ac-proj-cap\">420 ton \u00e7elik<\/span>\n                    <span>End\u00fcstriyel Platform<\/span>\n                  <\/div>\n                <\/div>\n              <\/div>\n                            <div class=\"ac-proj-card\">\n                <div class=\"ac-proj-img\">\n                  <div class=\"ac-proj-ph\"><span>\ud83c\udfd7<\/span><div>Depo<\/div><\/div>                  <div class=\"ac-proj-overlay\">Projeyi \u0130ncele \u2192<\/div>\n                <\/div>\n                <div class=\"ac-proj-info\">\n                  <div class=\"ac-proj-tag\">Depo \u2022 2025<\/div>\n                  <div class=\"ac-proj-title\">Konya So\u011fuk Hava Deposu \u2014 4.500 m\u00b2<\/div>\n                  <div class=\"ac-proj-meta\">\n                    <span class=\"ac-proj-cap\">4.500 m\u00b2<\/span>\n                    <span>Prefabrik \u00c7elik Yap\u0131<\/span>\n                  <\/div>\n                <\/div>\n              <\/div>\n                            <div class=\"ac-proj-card\">\n                <div class=\"ac-proj-img\">\n                  <div class=\"ac-proj-ph\"><span>\ud83c\udfe2<\/span><div>Ofis<\/div><\/div>                  <div class=\"ac-proj-overlay\">Projeyi \u0130ncele \u2192<\/div>\n                <\/div>\n                <div class=\"ac-proj-info\">\n                  <div class=\"ac-proj-tag\">Ofis \u2022 2026<\/div>\n                  <div class=\"ac-proj-title\">Ankara \u00c7elik Ofis Binas\u0131 \u2014 5 Kat<\/div>\n                  <div class=\"ac-proj-meta\">\n                    <span class=\"ac-proj-cap\">5 kat \/ 2.800 m\u00b2<\/span>\n                    <span>Kompozit D\u00f6\u015feme + \u00c7er\u00e7eve<\/span>\n                  <\/div>\n                <\/div>\n              <\/div>\n                          <\/div>\n                        <div style=\"text-align:center;margin-top:48px\">\n              <a href=\"#iletisim\" class=\"ac-btn ac-btn-outline\">T\u00fcm Projeleri G\u00f6r \u2192<\/a>\n            <\/div>\n                      <\/div>\n        <\/section>\n        \t\t\t\t<\/div>\n\t\t\t\t<\/div>\n\t\t\t\t\t<\/div>\n\t\t\t\t<\/div>\n\t\t\t\t<\/div>\n\t\t","protected":false},"excerpt":{"rendered":"<p>Referans Projeler Tamamlanan Projeler T\u00fcm\u00fc Sanayi Yap\u0131 \u00c7at\u0131 Platform \ud83c\udfd7Sanayi  [&#8230;]<\/p>\n","protected":false},"author":1,"featured_media":0,"parent":0,"menu_order":0,"comment_status":"closed","ping_status":"closed","template":"","meta":{"footnotes":""},"class_list":["post-46","page","type-page","status-publish","hentry"],"_links":{"self":[{"href":"https:\/\/aselcelik.com\/index.php\/wp-json\/wp\/v2\/pages\/46","targetHints":{"allow":["GET"]}}],"collection":[{"href":"https:\/\/aselcelik.com\/index.php\/wp-json\/wp\/v2\/pages"}],"about":[{"href":"https:\/\/aselcelik.com\/index.php\/wp-json\/wp\/v2\/types\/page"}],"author":[{"embeddable":true,"href":"https:\/\/aselcelik.com\/index.php\/wp-json\/wp\/v2\/users\/1"}],"replies":[{"embeddable":true,"href":"https:\/\/aselcelik.com\/index.php\/wp-json\/wp\/v2\/comments?post=46"}],"version-history":[{"count":6,"href":"https:\/\/aselcelik.com\/index.php\/wp-json\/wp\/v2\/pages\/46\/revisions"}],"predecessor-version":[{"id":77,"href":"https:\/\/aselcelik.com\/index.php\/wp-json\/wp\/v2\/pages\/46\/revisions\/77"}],"wp:attachment":[{"href":"https:\/\/aselcelik.com\/index.php\/wp-json\/wp\/v2\/media?parent=46"}],"curies":[{"name":"wp","href":"https:\/\/api.w.org\/{rel}","templated":true}]}}