{"id":38,"date":"2026-03-15T21:51:11","date_gmt":"2026-03-15T21:51:11","guid":{"rendered":"https:\/\/aselcelik.com\/?page_id=38"},"modified":"2026-03-16T11:45:00","modified_gmt":"2026-03-16T11:45:00","slug":"iletisim","status":"publish","type":"page","link":"https:\/\/aselcelik.com\/index.php\/iletisim\/","title":{"rendered":"\u0130leti\u015fim"},"content":{"rendered":"\t\t<div data-elementor-type=\"wp-page\" data-elementor-id=\"38\" class=\"elementor elementor-38\" data-elementor-post-type=\"page\">\n\t\t\t\t<div class=\"elementor-element elementor-element-2101855 e-flex e-con-boxed e-con e-parent\" data-id=\"2101855\" data-element_type=\"container\" data-e-type=\"container\">\n\t\t\t\t\t<div class=\"e-con-inner\">\n\t\t\t\t<div class=\"elementor-element elementor-element-5e23888 elementor-widget elementor-widget-ac_iletisim\" data-id=\"5e23888\" data-element_type=\"widget\" data-e-type=\"widget\" data-widget_type=\"ac_iletisim.default\">\n\t\t\t\t<div class=\"elementor-widget-container\">\n\t\t\t\t\t        <section class=\"ac-section ac-contact-wrap\" style=\"background:var(--bg)\">\n          <div class=\"ac-wrap\">\n            <div class=\"ac-contact-grid\">\n              <div>\n                <span class=\"ac-label\">\u0130leti\u015fim<\/span>\n                <h2 class=\"ac-contact-h2\">Bizimle<br>\u0130leti\u015fime<br><em>Ge\u00e7in<\/em><\/h2>\n                <p class=\"ac-desc\" style=\"margin-bottom:32px\">Projeniz hakk\u0131nda bilgi almak veya teklif istemek i\u00e7in hemen ileti\u015fime ge\u00e7in.<\/p>\n                <div class=\"ac-ci-list\">\n                                    <div class=\"ac-ci\">\n                    <div class=\"ac-ci-icon\">\ud83d\udccd<\/div>\n                    <div><div class=\"ac-ci-lbl\">Adres<\/div><div class=\"ac-ci-val\">Yenidam Mahallesi 6011 Sokak No:18A Seyhan \/ ADANA<\/div><\/div>\n                  <\/div>\n                                    <div class=\"ac-ci\">\n                    <div class=\"ac-ci-icon\">\ud83d\udcde<\/div>\n                    <div><div class=\"ac-ci-lbl\">Telefon<\/div><div class=\"ac-ci-val\"><a href=\"tel:+905441488075\">+90 (544) 148 80 75<\/a><\/div><\/div>\n                  <\/div>\n                                    <div class=\"ac-ci\">\n                    <div class=\"ac-ci-icon\">\u2709\ufe0f<\/div>\n                    <div><div class=\"ac-ci-lbl\">E-posta<\/div><div class=\"ac-ci-val\"><a href=\"mailto:burhan@aselcelik.com\">burhan@aselcelik.com<\/a><\/div><\/div>\n                  <\/div>\n                                    <div class=\"ac-ci\">\n                    <div class=\"ac-ci-icon\">\ud83d\udd50<\/div>\n                    <div><div class=\"ac-ci-lbl\">\u00c7al\u0131\u015fma Saatleri<\/div><div class=\"ac-ci-val\">Pazartesi \u2013 Cuma: 08:00 \u2013 18:00<\/div><\/div>\n                  <\/div>\n                                  <\/div>\n              <\/div>\n              <div class=\"ac-form-box ac-contact-form\">\n                <div class=\"ac-form-title\">\u2699 Teklif Formu<\/div>\n                <div class=\"ac-form-sub\">Formu doldurun, en k\u0131sa s\u00fcrede d\u00f6n\u00fc\u015f yapal\u0131m.<\/div>\n                <div class=\"ac-form-grid\">\n                  <div><label class=\"ac-flabel\">Ad\u0131n\u0131z Soyad\u0131n\u0131z <span>*<\/span><\/label><input type=\"text\" class=\"ac-field\" name=\"ac_name\" data-field=\"name\" placeholder=\"Ahmet Y\u0131lmaz\"><\/div>\n                  <div><label class=\"ac-flabel\">\u015eirket Ad\u0131<\/label><input type=\"text\" class=\"ac-field\" placeholder=\"Firma ad\u0131\"><\/div>\n                  <div><label class=\"ac-flabel\">E-posta <span>*<\/span><\/label><input type=\"email\" class=\"ac-field\" name=\"ac_email\" data-field=\"email\" placeholder=\"info@firma.com\"><\/div>\n                  <div><label class=\"ac-flabel\">Telefon<\/label><input type=\"tel\" class=\"ac-field\" placeholder=\"+90 (---) --- -- --\"><\/div>\n                  <div><label class=\"ac-flabel\">Hizmet T\u00fcr\u00fc<\/label>\n                    <select class=\"ac-field\">\n                      <option value=\"\">Se\u00e7in...<\/option>\n                      <option>Sanayi & Fabrika Binas\u0131<\/option>\n                      <option>\u00c7elik Yap\u0131 & Ofis Binas\u0131<\/option>\n                      <option>\u00c7at\u0131 Konstr\u00fcksiyonu<\/option>\n                      <option>Platform & Merdiven<\/option>\n                      <option>\u00d6zel Konstr\u00fcksiyon<\/option>\n                    <\/select>\n                  <\/div>\n                  <div><label class=\"ac-flabel\">Tahmini Alan (m\u00b2)<\/label><input type=\"text\" class=\"ac-field\" placeholder=\"500 m\u00b2, 2000 m\u00b2...\"><\/div>\n                  <div class=\"ac-form-col\"><label class=\"ac-flabel\">Proje Detaylar\u0131 <span>*<\/span><\/label><textarea class=\"ac-field\" name=\"ac_msg\" data-field=\"message\" placeholder=\"Projeniz hakk\u0131nda k\u0131saca bilgi verin...\"><\/textarea><\/div>\n                  <div class=\"ac-form-col\">\n                    <button type=\"button\" class=\"ac-btn ac-btn-primary ac-form-submit\" style=\"width:100%;justify-content:center;padding:15px\">Teklif G\u00f6nder \u2192<\/button>\n                    <div class=\"ac-form-success\">\u2713 Talebiniz al\u0131nd\u0131! En k\u0131sa s\u00fcrede sizinle ileti\u015fime ge\u00e7ece\u011fiz.<\/div>\n                  <\/div>\n                <\/div>\n              <\/div>\n            <\/div>\n          <\/div>\n        <\/section>\n        \t\t\t\t<\/div>\n\t\t\t\t<\/div>\n\t\t\t\t\t<\/div>\n\t\t\t\t<\/div>\n\t\t\t\t<\/div>\n\t\t","protected":false},"excerpt":{"rendered":"<p>\u0130leti\u015fim Bizimle\u0130leti\u015fimeGe\u00e7in Projeniz hakk\u0131nda bilgi almak veya teklif istemek i\u00e7in  [&#8230;]<\/p>\n","protected":false},"author":1,"featured_media":0,"parent":0,"menu_order":0,"comment_status":"closed","ping_status":"closed","template":"","meta":{"footnotes":""},"class_list":["post-38","page","type-page","status-publish","hentry"],"_links":{"self":[{"href":"https:\/\/aselcelik.com\/index.php\/wp-json\/wp\/v2\/pages\/38","targetHints":{"allow":["GET"]}}],"collection":[{"href":"https:\/\/aselcelik.com\/index.php\/wp-json\/wp\/v2\/pages"}],"about":[{"href":"https:\/\/aselcelik.com\/index.php\/wp-json\/wp\/v2\/types\/page"}],"author":[{"embeddable":true,"href":"https:\/\/aselcelik.com\/index.php\/wp-json\/wp\/v2\/users\/1"}],"replies":[{"embeddable":true,"href":"https:\/\/aselcelik.com\/index.php\/wp-json\/wp\/v2\/comments?post=38"}],"version-history":[{"count":6,"href":"https:\/\/aselcelik.com\/index.php\/wp-json\/wp\/v2\/pages\/38\/revisions"}],"predecessor-version":[{"id":71,"href":"https:\/\/aselcelik.com\/index.php\/wp-json\/wp\/v2\/pages\/38\/revisions\/71"}],"wp:attachment":[{"href":"https:\/\/aselcelik.com\/index.php\/wp-json\/wp\/v2\/media?parent=38"}],"curies":[{"name":"wp","href":"https:\/\/api.w.org\/{rel}","templated":true}]}}